{"id":39,"date":"2023-10-05T16:17:13","date_gmt":"2023-10-05T14:17:13","guid":{"rendered":"http:\/\/195.5.84.120\/sitecca\/?page_id=39"},"modified":"2024-07-02T11:06:20","modified_gmt":"2024-07-02T09:06:20","slug":"c-ca","status":"publish","type":"page","link":"https:\/\/www.ccabe.com\/nl\/c-ca\/","title":{"rendered":"C-Ca, qui sommes-nous"},"content":{"rendered":"<div class=\"wp-block-columns intro-page is-layout-flex wp-container-core-columns-is-layout-9d6595d7 wp-block-columns-is-layout-flex\">\n<div class=\"wp-block-column is-vertically-aligned-top is-layout-flow wp-block-column-is-layout-flow\"><h1 class=\"wp-block-post-title\">C-Ca, qui sommes-nous<\/h1>\n\n\n<p>C-Ca est sp\u00e9cialis\u00e9e dans le d\u00e9veloppement, la distribution et la promotion de logiciels informatiques destin\u00e9s au secteur m\u00e9dical.<\/p>\n\n\n\n<p>C-Consult advice assure \u00e9galement la maintenance et l\u2019assistance relative \u00e0 ces logiciels. La soci\u00e9t\u00e9 est experte dans la cr\u00e9ation d\u2019outils BI avec la plateforme de business discovery Qlik.<\/p>\n\n\n\n<p>Nos solutions sont pr\u00e9sentes dans 37% des centres hospitaliers de Belgique.<\/p>\n<\/div>\n\n\n\n<div class=\"wp-block-column is-vertically-aligned-center is-layout-flow wp-block-column-is-layout-flow\"><figure class=\"wp-block-post-featured-image\"><img loading=\"lazy\" decoding=\"async\" width=\"2560\" height=\"1605\" src=\"https:\/\/www.ccabe.com\/wp-content\/uploads\/2024\/05\/pexels-photoscom-93405-scaled.jpg\" class=\"attachment-post-thumbnail size-post-thumbnail wp-post-image\" alt=\"\" style=\"object-fit:cover;\" srcset=\"https:\/\/www.ccabe.com\/wp-content\/uploads\/2024\/05\/pexels-photoscom-93405-scaled.jpg 2560w, https:\/\/www.ccabe.com\/wp-content\/uploads\/2024\/05\/pexels-photoscom-93405-768x481.jpg 768w, https:\/\/www.ccabe.com\/wp-content\/uploads\/2024\/05\/pexels-photoscom-93405-250x157.jpg 250w, https:\/\/www.ccabe.com\/wp-content\/uploads\/2024\/05\/pexels-photoscom-93405-150x94.jpg 150w, https:\/\/www.ccabe.com\/wp-content\/uploads\/2024\/05\/pexels-photoscom-93405-300x188.jpg 300w, https:\/\/www.ccabe.com\/wp-content\/uploads\/2024\/05\/pexels-photoscom-93405-1024x642.jpg 1024w, https:\/\/www.ccabe.com\/wp-content\/uploads\/2024\/05\/pexels-photoscom-93405-1536x963.jpg 1536w, https:\/\/www.ccabe.com\/wp-content\/uploads\/2024\/05\/pexels-photoscom-93405-2048x1284.jpg 2048w, https:\/\/www.ccabe.com\/wp-content\/uploads\/2024\/05\/pexels-photoscom-93405-18x12.jpg 18w, https:\/\/www.ccabe.com\/wp-content\/uploads\/2024\/05\/pexels-photoscom-93405-89x56.jpg 89w, https:\/\/www.ccabe.com\/wp-content\/uploads\/2024\/05\/pexels-photoscom-93405-552x346.jpg 552w\" sizes=\"auto, (max-width: 2560px) 100vw, 2560px\" \/><\/figure><\/div>\n<\/div>\n\n\n\n<hr class=\"wp-block-separator has-alpha-channel-opacity\"\/>\n\n\n\n<div class=\"wp-block-group is-content-justification-space-between is-nowrap is-layout-flex wp-container-core-group-is-layout-0dfbf163 wp-block-group-is-layout-flex\">\n<div class=\"wp-block-columns are-vertically-aligned-top is-layout-flex wp-container-core-columns-is-layout-9d6595d7 wp-block-columns-is-layout-flex\">\n<div class=\"wp-block-column is-vertically-aligned-top is-layout-flow wp-block-column-is-layout-flow\" style=\"flex-basis:47%\">\n<figure class=\"wp-block-image size-large\"><img loading=\"lazy\" decoding=\"async\" width=\"602\" height=\"1024\" src=\"http:\/\/195.5.84.120\/sitecca\/wp-content\/uploads\/2024\/05\/historique-602x1024.png\" alt=\"\" class=\"wp-image-195\" srcset=\"https:\/\/www.ccabe.com\/wp-content\/uploads\/2024\/05\/historique-602x1024.png 602w, https:\/\/www.ccabe.com\/wp-content\/uploads\/2024\/05\/historique-118x200.png 118w, https:\/\/www.ccabe.com\/wp-content\/uploads\/2024\/05\/historique-88x150.png 88w, https:\/\/www.ccabe.com\/wp-content\/uploads\/2024\/05\/historique-176x300.png 176w, https:\/\/www.ccabe.com\/wp-content\/uploads\/2024\/05\/historique-7x12.png 7w, https:\/\/www.ccabe.com\/wp-content\/uploads\/2024\/05\/historique-33x56.png 33w, https:\/\/www.ccabe.com\/wp-content\/uploads\/2024\/05\/historique-324x552.png 324w, https:\/\/www.ccabe.com\/wp-content\/uploads\/2024\/05\/historique.png 670w\" sizes=\"auto, (max-width: 602px) 100vw, 602px\" \/><\/figure>\n<\/div>\n\n\n\n<div class=\"wp-block-column is-vertically-aligned-top historique is-layout-flow wp-block-column-is-layout-flow\" style=\"flex-basis:47%\">\n<h2 class=\"wp-block-heading\">Historique<\/h2>\n\n\n\n<div class=\"wp-block-columns point-histo is-layout-flex wp-container-core-columns-is-layout-9d6595d7 wp-block-columns-is-layout-flex\">\n<div class=\"wp-block-column is-layout-flow wp-block-column-is-layout-flow\" style=\"flex-basis:64px\">\n<h3 class=\"wp-block-heading histo-annee\">1985<\/h3>\n<\/div>\n\n\n\n<div class=\"wp-block-column is-layout-flow wp-block-column-is-layout-flow\">\n<p>La soci\u00e9t\u00e9 a \u00e9t\u00e9 fond\u00e9e en 1985. Alors connue sous le nom de Middle Blue Companie (MBC), la soci\u00e9t\u00e9 a put acqu\u00e9rir exp\u00e9rience et comp\u00e9tence, entre autre gr\u00e2ce \u00e0 un partenariat avec IBM.<\/p>\n\n\n\n<p>En 1995, Suite \u00e0 la fin du partenariat avec IBM, la soci\u00e9t\u00e9 a chang\u00e9 de nom pour devenir \u00ab Medical Business Channel \u00bb.<\/p>\n\n\n\n<p>Une ligne de produits ax\u00e9e sur les \u00ab R\u00e9sum\u00e9s minimaux \u00bb devient, \u00e0 ce moment, un cr\u00e9neau tr\u00e8s prometteur de la strat\u00e9gie de la soci\u00e9t\u00e9.<\/p>\n<\/div>\n<\/div>\n\n\n\n<div class=\"wp-block-columns point-histo is-layout-flex wp-container-core-columns-is-layout-9d6595d7 wp-block-columns-is-layout-flex\">\n<div class=\"wp-block-column is-layout-flow wp-block-column-is-layout-flow\" style=\"flex-basis:64px\">\n<h3 class=\"wp-block-heading histo-annee\">1997<\/h3>\n<\/div>\n\n\n\n<div class=\"wp-block-column is-layout-flow wp-block-column-is-layout-flow\">\n<p>En 1997, la soci\u00e9t\u00e9 est entr\u00e9e dans le groupe \u00ab C-Consult \u00bb , s\u2019est restructur\u00e9e et a entam\u00e9 un parcours ind\u00e9pendant qui lui permet de faire preuve d\u2019une libert\u00e9 d\u2019action, d\u2019une souplesse et d\u2019un dynamisme qui est caract\u00e9ristique des PME\u2019s. <\/p>\n\n\n\n<p>La soci\u00e9t\u00e9 m\u00e8re C-Consult advice conservait ses activit\u00e9s dans le Consulting pour le secteur m\u00e9dical.<\/p>\n<\/div>\n<\/div>\n\n\n\n<div class=\"wp-block-columns point-histo is-layout-flex wp-container-core-columns-is-layout-9d6595d7 wp-block-columns-is-layout-flex\">\n<div class=\"wp-block-column is-layout-flow wp-block-column-is-layout-flow\" style=\"flex-basis:64px\">\n<h3 class=\"wp-block-heading histo-annee\">2004<\/h3>\n<\/div>\n\n\n\n<div class=\"wp-block-column is-layout-flow wp-block-column-is-layout-flow\">\n<p>En 2004, Une restructuration du groupe a englob\u00e9 l\u2019activit\u00e9 du domaine m\u00e9dical au sein de la soci\u00e9t\u00e9 C-Consult advice (en abr\u00e9g\u00e9 : C-Ca).<\/p>\n<\/div>\n<\/div>\n\n\n\n<div class=\"wp-block-columns point-histo is-layout-flex wp-container-core-columns-is-layout-9d6595d7 wp-block-columns-is-layout-flex\">\n<div class=\"wp-block-column is-layout-flow wp-block-column-is-layout-flow\" style=\"flex-basis:64px\">\n<h3 class=\"wp-block-heading histo-annee\">2013<\/h3>\n<\/div>\n\n\n\n<div class=\"wp-block-column is-layout-flow wp-block-column-is-layout-flow\">\n<p>Gr\u00e2ce \u00e0 un partenariat avec la soci\u00e9t\u00e9 Qlik, nous d\u00e9veloppons une nouvelle gamme de solutions d\u00e9di\u00e9es \u00e0 l&rsquo;analyse pouss\u00e9e des donn\u00e9es des institutions.<\/p>\n<\/div>\n<\/div>\n\n\n\n<div class=\"wp-block-group\"><div class=\"wp-block-group__inner-container is-layout-constrained wp-block-group-is-layout-constrained\">\n<div class=\"wp-block-columns point-histo is-layout-flex wp-container-core-columns-is-layout-9d6595d7 wp-block-columns-is-layout-flex\">\n<div class=\"wp-block-column is-layout-flow wp-block-column-is-layout-flow\" style=\"flex-basis:64px\">\n<h3 class=\"wp-block-heading histo-annee\">2021<\/h3>\n<\/div>\n\n\n\n<div class=\"wp-block-column is-layout-flow wp-block-column-is-layout-flow\">\n<p>En 2021 nous abordons un nouveau virage avec le passage de nos applications vers des solutions web. <\/p>\n\n\n\n<p>Plus souple, plus rapide, plus ergonomique, ces applications sont d\u00e9velopp\u00e9es main dans la main avec les utilisateurs afin de fournir la solution la plus adapt\u00e9e aux r\u00e9alit\u00e9s du terrain.<\/p>\n<\/div>\n<\/div>\n<\/div><\/div>\n<\/div>\n<\/div>\n<\/div>\n\n\n\n<p class=\"has-text-align-center citation has-blanc-color has-bleu-background-color has-text-color has-background has-link-color wp-elements-47c91636519cfcae4eadcea0775f663d\">Une entreprise \u00e0 taille humaine, \u2028locale, <br>et \u00e0 l\u2019\u00e9coute de ses clients.<\/p>\n\n\n\n<h2 class=\"wp-block-heading\">Notre expertise<\/h2>\n\n\n\n<div class=\"wp-block-columns is-layout-flex wp-container-core-columns-is-layout-9d6595d7 wp-block-columns-is-layout-flex\">\n<div class=\"wp-block-column is-layout-flow wp-block-column-is-layout-flow\" style=\"flex-basis:22%\">\n<h3 class=\"wp-block-heading\">RHM<\/h3>\n\n\n\n<p>A travers de nouveaux outils web repens\u00e9s sp\u00e9cialement pour et avec le terrain, nous proposons des solutions pour vos donn\u00e9es hospitali\u00e8res.<\/p>\n\n\n\n<p>Nous couvrons vos donn\u00e9es m\u00e9dicales, infirmi\u00e8res, et psychiatriques, depuis leur encodage jusqu\u2019\u00e0 l\u2019envois au minist\u00e8re.<\/p>\n\n\n\n<p>Mais \u00e9galement des possibilit\u00e9s de suivis et statistiques de ces derni\u00e8res.<\/p>\n<\/div>\n\n\n\n<div class=\"wp-block-column is-layout-flow wp-block-column-is-layout-flow\" style=\"flex-basis:22%\">\n<h3 class=\"wp-block-heading\">Planification<\/h3>\n\n\n\n<p>Nos outils de planification vous permettent de cr\u00e9er des horaires pour vos \u00e9quipes avec toutes les contraintes et particularit\u00e9 li\u00e9es au domaine hospitalier : gestion des heures suppl\u00e9mentaires, sursalaires, \u00e9quipes mobiles, \u2026<\/p>\n\n\n\n<p>De plus, nous offrons des possibilit\u00e9s pour permettre \u00e0 vos collaborateurs d\u2019acc\u00e9der facilement \u00e0 leurs horaires ainsi qu\u2019\u00e0 toute communication relative.<\/p>\n<\/div>\n\n\n\n<div class=\"wp-block-column is-layout-flow wp-block-column-is-layout-flow\" style=\"flex-basis:22%\">\n<h3 class=\"wp-block-heading\">Outils d\u00e9cisionnels<\/h3>\n\n\n\n<p>Notre gamme d\u2019outils d\u00e9cisionnels vous permettent de faire une analyse pouss\u00e9e de vos donn\u00e9es, quelles soient hospitali\u00e8res ou du personnel.<\/p>\n\n\n\n<p>A travers des tableaux et graphiques, vous avez la possibilit\u00e9 de mettre en avant des anomalies et ainsi cibler les points d\u2019attention pour am\u00e9liorer vos performances.<\/p>\n<\/div>\n\n\n\n<div class=\"wp-block-column is-layout-flow wp-block-column-is-layout-flow\" style=\"flex-basis:22%\">\n<h3 class=\"wp-block-heading\">G\u00e9n\u00e9ral Business<\/h3>\n\n\n\n<p>Nous sommes \u00e9galement actif en dehors du domaine hospitalier.<br>Notre gamme G\u00e9n\u00e9ral Business propose des outils de gestion locative et de relev\u00e9 des compteurs.<\/p>\n\n\n\n<p>Nous proposons \u00e9galement des solutions sur-mesure. N\u2019h\u00e9sitez pas \u00e0 nous contacter pour votre projet.<\/p>\n<\/div>\n<\/div>\n\n\n\n<p class=\"bouton\"><a href=\"https:\/\/www.ccabe.com\/nl\/produits\/\">D\u00e9couvrir nos logiciels<\/a><\/p>\n\n\n\n<hr class=\"wp-block-separator has-alpha-channel-opacity\"\/>\n\n\n\n<div class=\"wp-block-columns is-layout-flex wp-container-core-columns-is-layout-9d6595d7 wp-block-columns-is-layout-flex\">\n<div class=\"wp-block-column is-vertically-aligned-center is-layout-flow wp-block-column-is-layout-flow\" style=\"flex-basis:45%\">\n<h2 class=\"wp-block-heading\">Accompagnement<\/h2>\n\n\n\n<p>Nous mettons un point d&rsquo;honneur \u00e0 assurer le suivi de nos logiciels. Celui-ci s&rsquo;effectue \u00e0 travers plusieurs actions que nous mettons en place :<\/p>\n\n\n\n<ul class=\"wp-block-list\">\n<li>Nos logiciels sont en constante \u00e9volution, nous \u00e9coutons vos avis afin de les am\u00e9liorer et proposer les solutions les plus en ad\u00e9quation avec les r\u00e9alit\u00e9s du terrain?<\/li>\n\n\n\n<li>Nous assurons la maintenance de nos logiciels.<\/li>\n\n\n\n<li>Nous sommes ouverts toute l&rsquo;ann\u00e9e, hors weekends et jours f\u00e9ri\u00e9s, afin d&rsquo;\u00eatre disponible le plus rapidement possible pour r\u00e9pondre \u00e0 vos questions et probl\u00e8mes<\/li>\n\n\n\n<li>Nous organisons des formations sur nos logiciels pour former vos \u00e9quipes lors de la mise en place de nouveaux outils ou pour r\u00e9pondre \u00e0 des besoin sp\u00e9cifiques, en pr\u00e9sentiel ou \u00e0 distance.<\/li>\n<\/ul>\n<\/div>\n\n\n\n<div class=\"wp-block-column is-vertically-aligned-center is-layout-flow wp-block-column-is-layout-flow\" style=\"flex-basis:45%\">\n<figure class=\"wp-block-image size-full\"><img loading=\"lazy\" decoding=\"async\" width=\"713\" height=\"713\" src=\"http:\/\/195.5.84.120\/sitecca\/wp-content\/uploads\/2024\/05\/accompagnement.png\" alt=\"\" class=\"wp-image-272\" srcset=\"https:\/\/www.ccabe.com\/wp-content\/uploads\/2024\/05\/accompagnement.png 713w, https:\/\/www.ccabe.com\/wp-content\/uploads\/2024\/05\/accompagnement-200x200.png 200w, https:\/\/www.ccabe.com\/wp-content\/uploads\/2024\/05\/accompagnement-150x150.png 150w, https:\/\/www.ccabe.com\/wp-content\/uploads\/2024\/05\/accompagnement-300x300.png 300w, https:\/\/www.ccabe.com\/wp-content\/uploads\/2024\/05\/accompagnement-12x12.png 12w, https:\/\/www.ccabe.com\/wp-content\/uploads\/2024\/05\/accompagnement-56x56.png 56w, https:\/\/www.ccabe.com\/wp-content\/uploads\/2024\/05\/accompagnement-552x552.png 552w\" sizes=\"auto, (max-width: 713px) 100vw, 713px\" \/><\/figure>\n<\/div>\n<\/div>\n\n\n\n<hr class=\"wp-block-separator has-alpha-channel-opacity\"\/>\n\n\n\n<div class=\"wp-block-columns is-layout-flex wp-container-core-columns-is-layout-9d6595d7 wp-block-columns-is-layout-flex\">\n<div class=\"wp-block-column is-layout-flow wp-block-column-is-layout-flow\" style=\"flex-basis:26.67%\"><\/div>\n\n\n\n<div class=\"wp-block-column is-layout-flow wp-block-column-is-layout-flow\" style=\"flex-basis:40%\">\n<h2 class=\"wp-block-heading\">D\u00e9veloppements personnalis\u00e9s<\/h2>\n\n\n\n<p>Vous avez une probl\u00e9matique qui n\u00e9cessiterait un d\u00e9veloppement sur-mesure ?<br>Contactez-nous et nous discuterons ensemble des possibilit\u00e9s pour cr\u00e9er une solution adapt\u00e9e \u00e0 votre institution.<\/p>\n\n\n\n<div style=\"height:24px\" aria-hidden=\"true\" class=\"wp-block-spacer\"><\/div>\n\n\n\n<p class=\"bouton btn-left\"><a href=\"https:\/\/www.ccabe.com\/nl\/contact\/\">Nous contacter<\/a><\/p>\n<\/div>\n\n\n\n<div class=\"wp-block-column is-layout-flow wp-block-column-is-layout-flow\" style=\"flex-basis:33.33%\"><\/div>\n<\/div>","protected":false},"excerpt":{"rendered":"<p>C-Ca est sp\u00e9cialis\u00e9e dans le d\u00e9veloppement, la distribution et la promotion de logiciels informatiques destin\u00e9s au secteur m\u00e9dical. C-Consult advice assure \u00e9galement la maintenance et l\u2019assistance relative \u00e0 ces logiciels.<\/p>","protected":false},"author":1,"featured_media":257,"parent":0,"menu_order":0,"comment_status":"closed","ping_status":"closed","template":"","meta":{"footnotes":""},"class_list":["post-39","page","type-page","status-publish","has-post-thumbnail","hentry"],"yoast_head":"<!-- This site is optimized with the Yoast SEO plugin v23.5 - https:\/\/yoast.com\/wordpress\/plugins\/seo\/ -->\n<title>C-Ca, qui sommes-nous - C-Consult advice<\/title>\n<meta name=\"robots\" content=\"index, follow, max-snippet:-1, max-image-preview:large, max-video-preview:-1\" \/>\n<link rel=\"canonical\" href=\"https:\/\/www.ccabe.com\/nl\/c-ca\/\" \/>\n<meta property=\"og:locale\" content=\"nl_NL\" \/>\n<meta property=\"og:type\" content=\"article\" \/>\n<meta property=\"og:title\" content=\"C-Ca, qui sommes-nous - C-Consult advice\" \/>\n<meta property=\"og:description\" content=\"C-Ca est sp\u00e9cialis\u00e9e dans le d\u00e9veloppement, la distribution et la promotion de logiciels informatiques destin\u00e9s au secteur m\u00e9dical. C-Consult advice assure \u00e9galement la maintenance et l\u2019assistance relative \u00e0 ces logiciels.\" \/>\n<meta property=\"og:url\" content=\"https:\/\/www.ccabe.com\/nl\/c-ca\/\" \/>\n<meta property=\"og:site_name\" content=\"C-Consult advice\" \/>\n<meta property=\"article:modified_time\" content=\"2024-07-02T09:06:20+00:00\" \/>\n<meta property=\"og:image\" content=\"https:\/\/www.ccabe.com\/wp-content\/uploads\/2024\/05\/pexels-photoscom-93405-scaled.jpg\" \/>\n\t<meta property=\"og:image:width\" content=\"2560\" \/>\n\t<meta property=\"og:image:height\" content=\"1605\" \/>\n\t<meta property=\"og:image:type\" content=\"image\/jpeg\" \/>\n<meta name=\"twitter:card\" content=\"summary_large_image\" \/>\n<meta name=\"twitter:label1\" content=\"Geschatte leestijd\" \/>\n\t<meta name=\"twitter:data1\" content=\"4 minuten\" \/>\n<script type=\"application\/ld+json\" class=\"yoast-schema-graph\">{\"@context\":\"https:\/\/schema.org\",\"@graph\":[{\"@type\":\"WebPage\",\"@id\":\"https:\/\/www.ccabe.com\/c-ca\/\",\"url\":\"https:\/\/www.ccabe.com\/c-ca\/\",\"name\":\"C-Ca, qui sommes-nous - C-Consult advice\",\"isPartOf\":{\"@id\":\"https:\/\/www.ccabe.com\/#website\"},\"primaryImageOfPage\":{\"@id\":\"https:\/\/www.ccabe.com\/c-ca\/#primaryimage\"},\"image\":{\"@id\":\"https:\/\/www.ccabe.com\/c-ca\/#primaryimage\"},\"thumbnailUrl\":\"https:\/\/www.ccabe.com\/wp-content\/uploads\/2024\/05\/pexels-photoscom-93405-scaled.jpg\",\"datePublished\":\"2023-10-05T14:17:13+00:00\",\"dateModified\":\"2024-07-02T09:06:20+00:00\",\"breadcrumb\":{\"@id\":\"https:\/\/www.ccabe.com\/c-ca\/#breadcrumb\"},\"inLanguage\":\"nl-NL\",\"potentialAction\":[{\"@type\":\"ReadAction\",\"target\":[\"https:\/\/www.ccabe.com\/c-ca\/\"]}]},{\"@type\":\"ImageObject\",\"inLanguage\":\"nl-NL\",\"@id\":\"https:\/\/www.ccabe.com\/c-ca\/#primaryimage\",\"url\":\"https:\/\/www.ccabe.com\/wp-content\/uploads\/2024\/05\/pexels-photoscom-93405-scaled.jpg\",\"contentUrl\":\"https:\/\/www.ccabe.com\/wp-content\/uploads\/2024\/05\/pexels-photoscom-93405-scaled.jpg\",\"width\":2560,\"height\":1605},{\"@type\":\"BreadcrumbList\",\"@id\":\"https:\/\/www.ccabe.com\/c-ca\/#breadcrumb\",\"itemListElement\":[{\"@type\":\"ListItem\",\"position\":1,\"name\":\"Accueil\",\"item\":\"https:\/\/www.ccabe.com\/\"},{\"@type\":\"ListItem\",\"position\":2,\"name\":\"C-Ca, qui sommes-nous\"}]},{\"@type\":\"WebSite\",\"@id\":\"https:\/\/www.ccabe.com\/#website\",\"url\":\"https:\/\/www.ccabe.com\/\",\"name\":\"C-Consult advice\",\"description\":\"\",\"publisher\":{\"@id\":\"https:\/\/www.ccabe.com\/#organization\"},\"potentialAction\":[{\"@type\":\"SearchAction\",\"target\":{\"@type\":\"EntryPoint\",\"urlTemplate\":\"https:\/\/www.ccabe.com\/?s={search_term_string}\"},\"query-input\":{\"@type\":\"PropertyValueSpecification\",\"valueRequired\":true,\"valueName\":\"search_term_string\"}}],\"inLanguage\":\"nl-NL\"},{\"@type\":\"Organization\",\"@id\":\"https:\/\/www.ccabe.com\/#organization\",\"name\":\"C-Consult advice\",\"url\":\"https:\/\/www.ccabe.com\/\",\"logo\":{\"@type\":\"ImageObject\",\"inLanguage\":\"nl-NL\",\"@id\":\"https:\/\/www.ccabe.com\/#\/schema\/logo\/image\/\",\"url\":\"https:\/\/www.ccabe.com\/wp-content\/uploads\/2023\/11\/logo-2.png\",\"contentUrl\":\"https:\/\/www.ccabe.com\/wp-content\/uploads\/2023\/11\/logo-2.png\",\"width\":556,\"height\":104,\"caption\":\"C-Consult advice\"},\"image\":{\"@id\":\"https:\/\/www.ccabe.com\/#\/schema\/logo\/image\/\"}}]}<\/script>\n<!-- \/ Yoast SEO plugin. -->","yoast_head_json":{"title":"C-Ca, qui sommes-nous - C-Consult advice","robots":{"index":"index","follow":"follow","max-snippet":"max-snippet:-1","max-image-preview":"max-image-preview:large","max-video-preview":"max-video-preview:-1"},"canonical":"https:\/\/www.ccabe.com\/nl\/c-ca\/","og_locale":"nl_NL","og_type":"article","og_title":"C-Ca, qui sommes-nous - C-Consult advice","og_description":"C-Ca est sp\u00e9cialis\u00e9e dans le d\u00e9veloppement, la distribution et la promotion de logiciels informatiques destin\u00e9s au secteur m\u00e9dical. C-Consult advice assure \u00e9galement la maintenance et l\u2019assistance relative \u00e0 ces logiciels.","og_url":"https:\/\/www.ccabe.com\/nl\/c-ca\/","og_site_name":"C-Consult advice","article_modified_time":"2024-07-02T09:06:20+00:00","og_image":[{"width":2560,"height":1605,"url":"https:\/\/www.ccabe.com\/wp-content\/uploads\/2024\/05\/pexels-photoscom-93405-scaled.jpg","type":"image\/jpeg"}],"twitter_card":"summary_large_image","twitter_misc":{"Geschatte leestijd":"4 minuten"},"schema":{"@context":"https:\/\/schema.org","@graph":[{"@type":"WebPage","@id":"https:\/\/www.ccabe.com\/c-ca\/","url":"https:\/\/www.ccabe.com\/c-ca\/","name":"C-Ca, qui sommes-nous - C-Consult advice","isPartOf":{"@id":"https:\/\/www.ccabe.com\/#website"},"primaryImageOfPage":{"@id":"https:\/\/www.ccabe.com\/c-ca\/#primaryimage"},"image":{"@id":"https:\/\/www.ccabe.com\/c-ca\/#primaryimage"},"thumbnailUrl":"https:\/\/www.ccabe.com\/wp-content\/uploads\/2024\/05\/pexels-photoscom-93405-scaled.jpg","datePublished":"2023-10-05T14:17:13+00:00","dateModified":"2024-07-02T09:06:20+00:00","breadcrumb":{"@id":"https:\/\/www.ccabe.com\/c-ca\/#breadcrumb"},"inLanguage":"nl-NL","potentialAction":[{"@type":"ReadAction","target":["https:\/\/www.ccabe.com\/c-ca\/"]}]},{"@type":"ImageObject","inLanguage":"nl-NL","@id":"https:\/\/www.ccabe.com\/c-ca\/#primaryimage","url":"https:\/\/www.ccabe.com\/wp-content\/uploads\/2024\/05\/pexels-photoscom-93405-scaled.jpg","contentUrl":"https:\/\/www.ccabe.com\/wp-content\/uploads\/2024\/05\/pexels-photoscom-93405-scaled.jpg","width":2560,"height":1605},{"@type":"BreadcrumbList","@id":"https:\/\/www.ccabe.com\/c-ca\/#breadcrumb","itemListElement":[{"@type":"ListItem","position":1,"name":"Accueil","item":"https:\/\/www.ccabe.com\/"},{"@type":"ListItem","position":2,"name":"C-Ca, qui sommes-nous"}]},{"@type":"WebSite","@id":"https:\/\/www.ccabe.com\/#website","url":"https:\/\/www.ccabe.com\/","name":"C-Consult advice","description":"","publisher":{"@id":"https:\/\/www.ccabe.com\/#organization"},"potentialAction":[{"@type":"SearchAction","target":{"@type":"EntryPoint","urlTemplate":"https:\/\/www.ccabe.com\/?s={search_term_string}"},"query-input":{"@type":"PropertyValueSpecification","valueRequired":true,"valueName":"search_term_string"}}],"inLanguage":"nl-NL"},{"@type":"Organization","@id":"https:\/\/www.ccabe.com\/#organization","name":"C-Consult advice","url":"https:\/\/www.ccabe.com\/","logo":{"@type":"ImageObject","inLanguage":"nl-NL","@id":"https:\/\/www.ccabe.com\/#\/schema\/logo\/image\/","url":"https:\/\/www.ccabe.com\/wp-content\/uploads\/2023\/11\/logo-2.png","contentUrl":"https:\/\/www.ccabe.com\/wp-content\/uploads\/2023\/11\/logo-2.png","width":556,"height":104,"caption":"C-Consult advice"},"image":{"@id":"https:\/\/www.ccabe.com\/#\/schema\/logo\/image\/"}}]}},"_links":{"self":[{"href":"https:\/\/www.ccabe.com\/nl\/wp-json\/wp\/v2\/pages\/39","targetHints":{"allow":["GET"]}}],"collection":[{"href":"https:\/\/www.ccabe.com\/nl\/wp-json\/wp\/v2\/pages"}],"about":[{"href":"https:\/\/www.ccabe.com\/nl\/wp-json\/wp\/v2\/types\/page"}],"author":[{"embeddable":true,"href":"https:\/\/www.ccabe.com\/nl\/wp-json\/wp\/v2\/users\/1"}],"replies":[{"embeddable":true,"href":"https:\/\/www.ccabe.com\/nl\/wp-json\/wp\/v2\/comments?post=39"}],"version-history":[{"count":36,"href":"https:\/\/www.ccabe.com\/nl\/wp-json\/wp\/v2\/pages\/39\/revisions"}],"predecessor-version":[{"id":1110,"href":"https:\/\/www.ccabe.com\/nl\/wp-json\/wp\/v2\/pages\/39\/revisions\/1110"}],"wp:featuredmedia":[{"embeddable":true,"href":"https:\/\/www.ccabe.com\/nl\/wp-json\/wp\/v2\/media\/257"}],"wp:attachment":[{"href":"https:\/\/www.ccabe.com\/nl\/wp-json\/wp\/v2\/media?parent=39"}],"curies":[{"name":"wp","href":"https:\/\/api.w.org\/{rel}","templated":true}]}}