{"id":149,"date":"2024-05-17T15:50:05","date_gmt":"2024-05-17T13:50:05","guid":{"rendered":"http:\/\/195.5.84.120\/sitecca\/?page_id=149"},"modified":"2024-06-28T09:18:14","modified_gmt":"2024-06-28T07:18:14","slug":"mentions-legales","status":"publish","type":"page","link":"https:\/\/www.ccabe.com\/nl\/mentions-legales\/","title":{"rendered":"Mentions l\u00e9gales"},"content":{"rendered":"<h2 class=\"wp-block-post-title\">Mentions l\u00e9gales<\/h2>\n\n\n<h3 class=\"wp-block-heading\">C-Consult advice<\/h3>\n\n\n\n<p><strong>Si\u00e8ge social :<\/strong> Avenue de la Closeraie 5, 4000 Rocourt<\/p>\n\n\n\n<p><strong>T\u00e9l\u00e9phone :<\/strong> 04 224 94 10<\/p>\n\n\n\n<p><strong>Mail :<\/strong> info@ccabe.com<\/p>\n\n\n\n<p><strong>N\u00b0 BCE : <\/strong>0457996881<\/p>\n\n\n\n<p><strong>Forme juridique :<\/strong> SRL<\/p>\n\n\n\n<h3 class=\"wp-block-heading\">H\u00c9BERGEMENT<\/h3>\n\n\n\n<p>Le site \u00ab\u00a0ccabe.com\u00a0\u00bb est h\u00e9berg\u00e9 chez la soci\u00e9t\u00e9 Cybernet <\/p>\n\n\n\n<p><strong>Cybernet S.A.<\/strong><br>Rue Pierre Michaux, 59<br>4683 Vivegnis &#8211; Belgique<\/p>\n\n\n\n<p>Pour contacter cet h\u00e9bergeur, rendez-vous sur cette page : <a href=\"https:\/\/cybernet.be\/contact\/\">Contacter Cybernet SA<\/a><\/p>\n\n\n\n<h3 class=\"wp-block-heading\">PROPRI\u00c9T\u00c9 INTELLECTUELLE, DROIT D\u2019AUTEUR, COPYRIGHT<\/h3>\n\n\n\n<p>Sauf mention contraire, la structure g\u00e9n\u00e9rale ainsi que les textes, images anim\u00e9es ou non, son savoir-faire et tous les autres \u00e9l\u00e9ments composant le site sont la propri\u00e9t\u00e9 exclusive de \u00ab\u00a0C-Consult advice\u00a0\u00bb \u2013 ccabe.com.<br>Les logos et marques des soci\u00e9t\u00e9s cit\u00e9es sur le site \u00ab\u00a0C-Consult advice\u00a0\u00bb \u2013 ccabe.com sont la propri\u00e9t\u00e9 exclusive de leurs auteurs respectifs.<br>Toute repr\u00e9sentation, reproduction, et\/ou exploitation, qu\u2019elle(s) soi(en)t partielle(s) ou totale(s), des marques pr\u00e9cit\u00e9es est (sont) interdite(s), sauf accord \u00e9crit et pr\u00e9alable de leurs titulaires.<\/p>","protected":false},"excerpt":{"rendered":"<p>C-Consult advice Si\u00e8ge social : Avenue de la Closeraie 5, 4000 Rocourt T\u00e9l\u00e9phone : 04 224 94 10 Mail : info@ccabe.com N\u00b0 BCE : 0457996881 Forme juridique : SRL H\u00c9BERGEMENT<\/p>","protected":false},"author":1,"featured_media":0,"parent":0,"menu_order":0,"comment_status":"closed","ping_status":"closed","template":"","meta":{"footnotes":""},"class_list":["post-149","page","type-page","status-publish","hentry"],"yoast_head":"<!-- This site is optimized with the Yoast SEO plugin v23.5 - https:\/\/yoast.com\/wordpress\/plugins\/seo\/ -->\n<title>Mentions l\u00e9gales - C-Consult advice<\/title>\n<meta name=\"robots\" content=\"index, follow, max-snippet:-1, max-image-preview:large, max-video-preview:-1\" \/>\n<link rel=\"canonical\" href=\"https:\/\/www.ccabe.com\/nl\/mentions-legales\/\" \/>\n<meta property=\"og:locale\" content=\"nl_NL\" \/>\n<meta property=\"og:type\" content=\"article\" \/>\n<meta property=\"og:title\" content=\"Mentions l\u00e9gales - C-Consult advice\" \/>\n<meta property=\"og:description\" content=\"C-Consult advice Si\u00e8ge social : Avenue de la Closeraie 5, 4000 Rocourt T\u00e9l\u00e9phone : 04 224 94 10 Mail : info@ccabe.com N\u00b0 BCE : 0457996881 Forme juridique : SRL H\u00c9BERGEMENT\" \/>\n<meta property=\"og:url\" content=\"https:\/\/www.ccabe.com\/nl\/mentions-legales\/\" \/>\n<meta property=\"og:site_name\" content=\"C-Consult advice\" \/>\n<meta property=\"article:modified_time\" content=\"2024-06-28T07:18:14+00:00\" \/>\n<meta name=\"twitter:card\" content=\"summary_large_image\" \/>\n<meta name=\"twitter:label1\" content=\"Geschatte leestijd\" \/>\n\t<meta name=\"twitter:data1\" content=\"1 minuut\" \/>\n<script type=\"application\/ld+json\" class=\"yoast-schema-graph\">{\"@context\":\"https:\/\/schema.org\",\"@graph\":[{\"@type\":\"WebPage\",\"@id\":\"https:\/\/www.ccabe.com\/mentions-legales\/\",\"url\":\"https:\/\/www.ccabe.com\/mentions-legales\/\",\"name\":\"Mentions l\u00e9gales - C-Consult advice\",\"isPartOf\":{\"@id\":\"https:\/\/www.ccabe.com\/#website\"},\"datePublished\":\"2024-05-17T13:50:05+00:00\",\"dateModified\":\"2024-06-28T07:18:14+00:00\",\"breadcrumb\":{\"@id\":\"https:\/\/www.ccabe.com\/mentions-legales\/#breadcrumb\"},\"inLanguage\":\"nl-NL\",\"potentialAction\":[{\"@type\":\"ReadAction\",\"target\":[\"https:\/\/www.ccabe.com\/mentions-legales\/\"]}]},{\"@type\":\"BreadcrumbList\",\"@id\":\"https:\/\/www.ccabe.com\/mentions-legales\/#breadcrumb\",\"itemListElement\":[{\"@type\":\"ListItem\",\"position\":1,\"name\":\"Accueil\",\"item\":\"https:\/\/www.ccabe.com\/\"},{\"@type\":\"ListItem\",\"position\":2,\"name\":\"Mentions l\u00e9gales\"}]},{\"@type\":\"WebSite\",\"@id\":\"https:\/\/www.ccabe.com\/#website\",\"url\":\"https:\/\/www.ccabe.com\/\",\"name\":\"C-Consult advice\",\"description\":\"\",\"publisher\":{\"@id\":\"https:\/\/www.ccabe.com\/#organization\"},\"potentialAction\":[{\"@type\":\"SearchAction\",\"target\":{\"@type\":\"EntryPoint\",\"urlTemplate\":\"https:\/\/www.ccabe.com\/?s={search_term_string}\"},\"query-input\":{\"@type\":\"PropertyValueSpecification\",\"valueRequired\":true,\"valueName\":\"search_term_string\"}}],\"inLanguage\":\"nl-NL\"},{\"@type\":\"Organization\",\"@id\":\"https:\/\/www.ccabe.com\/#organization\",\"name\":\"C-Consult advice\",\"url\":\"https:\/\/www.ccabe.com\/\",\"logo\":{\"@type\":\"ImageObject\",\"inLanguage\":\"nl-NL\",\"@id\":\"https:\/\/www.ccabe.com\/#\/schema\/logo\/image\/\",\"url\":\"https:\/\/www.ccabe.com\/wp-content\/uploads\/2023\/11\/logo-2.png\",\"contentUrl\":\"https:\/\/www.ccabe.com\/wp-content\/uploads\/2023\/11\/logo-2.png\",\"width\":556,\"height\":104,\"caption\":\"C-Consult advice\"},\"image\":{\"@id\":\"https:\/\/www.ccabe.com\/#\/schema\/logo\/image\/\"}}]}<\/script>\n<!-- \/ Yoast SEO plugin. -->","yoast_head_json":{"title":"Mentions l\u00e9gales - C-Consult advice","robots":{"index":"index","follow":"follow","max-snippet":"max-snippet:-1","max-image-preview":"max-image-preview:large","max-video-preview":"max-video-preview:-1"},"canonical":"https:\/\/www.ccabe.com\/nl\/mentions-legales\/","og_locale":"nl_NL","og_type":"article","og_title":"Mentions l\u00e9gales - C-Consult advice","og_description":"C-Consult advice Si\u00e8ge social : Avenue de la Closeraie 5, 4000 Rocourt T\u00e9l\u00e9phone : 04 224 94 10 Mail : info@ccabe.com N\u00b0 BCE : 0457996881 Forme juridique : SRL H\u00c9BERGEMENT","og_url":"https:\/\/www.ccabe.com\/nl\/mentions-legales\/","og_site_name":"C-Consult advice","article_modified_time":"2024-06-28T07:18:14+00:00","twitter_card":"summary_large_image","twitter_misc":{"Geschatte leestijd":"1 minuut"},"schema":{"@context":"https:\/\/schema.org","@graph":[{"@type":"WebPage","@id":"https:\/\/www.ccabe.com\/mentions-legales\/","url":"https:\/\/www.ccabe.com\/mentions-legales\/","name":"Mentions l\u00e9gales - C-Consult advice","isPartOf":{"@id":"https:\/\/www.ccabe.com\/#website"},"datePublished":"2024-05-17T13:50:05+00:00","dateModified":"2024-06-28T07:18:14+00:00","breadcrumb":{"@id":"https:\/\/www.ccabe.com\/mentions-legales\/#breadcrumb"},"inLanguage":"nl-NL","potentialAction":[{"@type":"ReadAction","target":["https:\/\/www.ccabe.com\/mentions-legales\/"]}]},{"@type":"BreadcrumbList","@id":"https:\/\/www.ccabe.com\/mentions-legales\/#breadcrumb","itemListElement":[{"@type":"ListItem","position":1,"name":"Accueil","item":"https:\/\/www.ccabe.com\/"},{"@type":"ListItem","position":2,"name":"Mentions l\u00e9gales"}]},{"@type":"WebSite","@id":"https:\/\/www.ccabe.com\/#website","url":"https:\/\/www.ccabe.com\/","name":"C-Consult advice","description":"","publisher":{"@id":"https:\/\/www.ccabe.com\/#organization"},"potentialAction":[{"@type":"SearchAction","target":{"@type":"EntryPoint","urlTemplate":"https:\/\/www.ccabe.com\/?s={search_term_string}"},"query-input":{"@type":"PropertyValueSpecification","valueRequired":true,"valueName":"search_term_string"}}],"inLanguage":"nl-NL"},{"@type":"Organization","@id":"https:\/\/www.ccabe.com\/#organization","name":"C-Consult advice","url":"https:\/\/www.ccabe.com\/","logo":{"@type":"ImageObject","inLanguage":"nl-NL","@id":"https:\/\/www.ccabe.com\/#\/schema\/logo\/image\/","url":"https:\/\/www.ccabe.com\/wp-content\/uploads\/2023\/11\/logo-2.png","contentUrl":"https:\/\/www.ccabe.com\/wp-content\/uploads\/2023\/11\/logo-2.png","width":556,"height":104,"caption":"C-Consult advice"},"image":{"@id":"https:\/\/www.ccabe.com\/#\/schema\/logo\/image\/"}}]}},"_links":{"self":[{"href":"https:\/\/www.ccabe.com\/nl\/wp-json\/wp\/v2\/pages\/149","targetHints":{"allow":["GET"]}}],"collection":[{"href":"https:\/\/www.ccabe.com\/nl\/wp-json\/wp\/v2\/pages"}],"about":[{"href":"https:\/\/www.ccabe.com\/nl\/wp-json\/wp\/v2\/types\/page"}],"author":[{"embeddable":true,"href":"https:\/\/www.ccabe.com\/nl\/wp-json\/wp\/v2\/users\/1"}],"replies":[{"embeddable":true,"href":"https:\/\/www.ccabe.com\/nl\/wp-json\/wp\/v2\/comments?post=149"}],"version-history":[{"count":2,"href":"https:\/\/www.ccabe.com\/nl\/wp-json\/wp\/v2\/pages\/149\/revisions"}],"predecessor-version":[{"id":1099,"href":"https:\/\/www.ccabe.com\/nl\/wp-json\/wp\/v2\/pages\/149\/revisions\/1099"}],"wp:attachment":[{"href":"https:\/\/www.ccabe.com\/nl\/wp-json\/wp\/v2\/media?parent=149"}],"curies":[{"name":"wp","href":"https:\/\/api.w.org\/{rel}","templated":true}]}}